{"id":4568,"date":"2026-01-22T16:37:01","date_gmt":"2026-01-22T15:37:01","guid":{"rendered":"https:\/\/www.animandolucca.it\/?page_id=4568"},"modified":"2026-03-25T16:22:52","modified_gmt":"2026-03-25T15:22:52","slug":"archivio-rassegne","status":"publish","type":"page","link":"https:\/\/www.animandolucca.it\/?page_id=4568","title":{"rendered":"Archivio Rassegne"},"content":{"rendered":"\n<div class=\"wp-block-group is-layout-constrained wp-block-group-is-layout-constrained\"><div class=\"wp-block-group__inner-container\">\n<h1 class=\"wp-block-heading\">Stagione 2026<br>Quinta Rassegna della Canzone D\u2019autore<\/h1>\n\n\n\n<figure class=\"wp-block-image\"><a href=\"https:\/\/www.animandolucca.it\/wp-content\/uploads\/2026\/01\/A3_Animando_Rassegna-canzone-dautore-2026.png\"><img loading=\"lazy\" decoding=\"async\" width=\"724\" height=\"1024\" src=\"https:\/\/www.animandolucca.it\/wp-content\/uploads\/2026\/01\/A3_Animando_Rassegna-canzone-dautore-2026-724x1024.png\" alt=\"\" class=\"wp-image-4577\" srcset=\"https:\/\/www.animandolucca.it\/wp-content\/uploads\/2026\/01\/A3_Animando_Rassegna-canzone-dautore-2026-724x1024.png 724w, https:\/\/www.animandolucca.it\/wp-content\/uploads\/2026\/01\/A3_Animando_Rassegna-canzone-dautore-2026-212x300.png 212w, https:\/\/www.animandolucca.it\/wp-content\/uploads\/2026\/01\/A3_Animando_Rassegna-canzone-dautore-2026-768x1086.png 768w, https:\/\/www.animandolucca.it\/wp-content\/uploads\/2026\/01\/A3_Animando_Rassegna-canzone-dautore-2026-1086x1536.png 1086w, https:\/\/www.animandolucca.it\/wp-content\/uploads\/2026\/01\/A3_Animando_Rassegna-canzone-dautore-2026.png 1414w\" sizes=\"(max-width: 724px) 100vw, 724px\" \/><\/a><\/figure>\n\n\n\n<p><strong>Domenica 1 febbraio<\/strong><br>Tra margini e dubbio, retrospettiva su Gaber e Jannacci. Igor Santini in quartetto con Igor Santini (voce e chitarra), Marco Bachi (basso e contrabbasso), Andrea Checcucci (chitarra e piano), Matteo Diddi (batteria e percussioni).<br><strong>Ore 18, Auditorium del Suffragio.<\/strong><\/p>\n\n\n\n<p>Biglietti:&nbsp;<a href=\"https:\/\/oooh.events\/evento\/gaber-jannacci-biglietti\/\">https:\/\/oooh.events\/evento\/gaber-jannacci-biglietti\/<\/a><\/p>\n\n\n\n<p><strong>Domenica 15 febbraio<br><\/strong>Omaggio a Lucio Dalla. Marco Cattani Group con Eva Perin (voce), Marco Cattani (chitarra), Francesco Lorenzetti (basso), Sofia Ricciardi (tastiere), Bruno Franceschini-Sbragia (tromba e flicorno).<br><strong>Ore 18, Auditorium del Suffragio.<\/strong><\/p>\n\n\n\n<p>Biglietti:&nbsp;<a href=\"https:\/\/oooh.events\/evento\/omaggio-a-lucio-dalla-biglietti-2\/\">https:\/\/oooh.events\/evento\/omaggio-a-lucio-dalla-biglietti-2\/<\/a><\/p>\n\n\n\n<p><strong>Venerd\u00ec 20 febbraio<\/strong><br>Il figlio unico, retrospettiva su Rino Gaetano. Igor Santini in quartetto con Igor Santini (voce e chitarra), Marco Bachi (basso e contrabbasso), Andrea Checcucci (chitarra e piano), Matteo Diddi (batteria e percussioni).<br><strong>Ore 21, Sala del Capitolo | Real Collegio.<\/strong><\/p>\n\n\n\n<p>Biglietti:&nbsp;<a href=\"https:\/\/oooh.events\/evento\/retrospettiva-rino-gaetano-biglietti\/\">https:\/\/oooh.events\/evento\/retrospettiva-rino-gaetano-biglietti\/<\/a><\/p>\n\n\n\n<p><strong>Domenica 22 marzo<\/strong><br>Nahuel di Pierro in concerto: Tango, Vals e Milonga. Nahuel di Pierro (chitarra e voce), Tom\u00e1s Bordalejo (chitarra), William Sabatier (bandoneon).<br><strong>Ore 18,<\/strong>&nbsp;luogo da definire.<\/p>\n\n\n\n<p><\/p>\n\n\n\n<p><\/p>\n\n\n\n<h1 class=\"wp-block-heading\">STAGIONE 2025 &#8211; Settecento musicale lucchese\u00a0<\/h1>\n\n\n\n<figure class=\"wp-block-image size-large\"><a href=\"https:\/\/www.animandolucca.it\/wp-content\/uploads\/2025\/05\/A3-Animando-Abitare-linfinito-1-1.jpg\"><img loading=\"lazy\" decoding=\"async\" width=\"724\" height=\"1024\" src=\"https:\/\/www.animandolucca.it\/wp-content\/uploads\/2025\/05\/A3-Animando-Abitare-linfinito-1-1-724x1024.jpg\" alt=\"\" class=\"wp-image-4418\" srcset=\"https:\/\/www.animandolucca.it\/wp-content\/uploads\/2025\/05\/A3-Animando-Abitare-linfinito-1-1-724x1024.jpg 724w, https:\/\/www.animandolucca.it\/wp-content\/uploads\/2025\/05\/A3-Animando-Abitare-linfinito-1-1-212x300.jpg 212w, https:\/\/www.animandolucca.it\/wp-content\/uploads\/2025\/05\/A3-Animando-Abitare-linfinito-1-1-768x1086.jpg 768w, https:\/\/www.animandolucca.it\/wp-content\/uploads\/2025\/05\/A3-Animando-Abitare-linfinito-1-1-1086x1536.jpg 1086w, https:\/\/www.animandolucca.it\/wp-content\/uploads\/2025\/05\/A3-Animando-Abitare-linfinito-1-1.jpg 1414w\" sizes=\"(max-width: 724px) 100vw, 724px\" \/><\/a><\/figure>\n\n\n\n<ul>\n<li><strong>Sabato 10 maggio, ore 18 \u2013 Chiesa di Santa Maria della Rosa<\/strong> Ensemble Segreti Armonici (Maria Teresa Becci &#8211; soprano, Basak Canseli Cifci &#8211; violoncello, Michele Barbieri &#8211; clavicembalo) Concerto: <em>Il Collezionista<\/em>, musiche di H\u00e4nde In collaborazione con il Laboratorio Brunier <br>Ingresso gratuito<br><\/li>\n\n\n\n<li><strong>Domenica 18 maggio, ore 18 \u2013 Chiesa di Santa Maria Forisportam<\/strong> Orchestra Nuove Assonanze diretta da Alan Freiles, con Christian Sebastianutto al violino Concerto: <em>Paganini non ripete<\/em>, programma interamente dedicato a Paganini <br>Ingresso gratuito<\/li>\n<\/ul>\n\n\n\n<ul>\n<li><strong>Domenica 8 giugno \u2013 in collaborazione con il Pinturicchio<\/strong> Maria Novella Malfatti (soprano), Roberto Lorenzi (basso), Stefano Teani (pianoforte) Concerto: <em>Concerto Aperitivo<\/em>, musiche di Mozart, Verdi e Puccini<br>Biglietti: <a href=\"https:\/\/oooh.events\/evento\/concerto-aperitivo-il-pinturicchio-biglietti\/\" target=\"_blank\" rel=\"noreferrer noopener\">https:\/\/oooh.events\/evento\/concerto-aperitivo-il-pinturicchio-biglietti\/<\/a><br><\/li>\n\n\n\n<li><strong>Domenica 22 giugno, ore 21 \u2013 Real Collegio<\/strong> Quartetto Dulce in Corde con Lorenzo Phelan (violoncello) e Giacomo Martinelli (chitarra) Concerto: <em>I Borbone a Lucca<\/em>, musiche di Boccherini e Puccini <br>Biglietti: <a href=\"https:\/\/oooh.events\/evento\/i-borbone-a-lucca-real-collegio-biglietti\/\" data-type=\"link\" data-id=\"https:\/\/oooh.events\/evento\/i-borbone-a-lucca-real-collegio-biglietti\/\">https:\/\/oooh.events\/evento\/i-borbone-a-lucca-real-collegio-biglietti\/<\/a><br><\/li>\n\n\n\n<li><strong>Venerd\u00ec 11 luglio, ore 21 \u2013 Parco dell&#8217;Infinito<\/strong> Orchestra Sinfonica della Versilia diretta da Stefano Teani, con Olympia Hetherington (mezzosoprano) Concerto: <em>Paesaggi e culture<\/em>, brani di Berio, Debussy e Jongen <br>Ingresso gratuito<br><\/li>\n\n\n\n<li><strong>Venerd\u00ec 1 agosto, ore 21 \u2013 Giardino del Municipio di Bagni di Lucca<\/strong> Arola Quartet (Samuel Hirsch, Alla Ternova, Viktoria Vanteeva, Zoia Sudnis) Cerimonia di assegnazione del Premio Betti, in collaborazione con Virtuoso &amp; Belcanto Programma di musica da camera<br>Ingresso gratuito<br><\/li>\n\n\n\n<li><strong>Sabato 18 ottobre, ore 18 \u2013 Auditorium del Suffragio<\/strong> Orchestra Nuove Assonanze diretta da Enrique Mauricio Radillo, con Luigi Borzillo al pianoforte Concerto: <em>Abitare due continenti<\/em>, musiche di Rachmaninoff, Mozart e tradizione messicana<br>Biglietti: <a href=\"https:\/\/oooh.events\/evento\/abitare-due-continenti-biglietti\/\" data-type=\"link\" data-id=\"https:\/\/oooh.events\/evento\/abitare-due-continenti-biglietti\/\">https:\/\/oooh.events\/evento\/abitare-due-continenti-biglietti\/<\/a><br><\/li>\n\n\n\n<li><strong>Domenica 9 novembre, ore 18 \u2013 Real Collegio<\/strong> Giovanni Passalia e Claudio Cantini (due pianoforti) Concerto: <em>Fiabe, danze e dialoghi<\/em>, opere di Ravel e Mozart-Grieg<br>Biglietti: <a href=\"https:\/\/oooh.events\/evento\/fiabe-danze-e-dialoghi-biglietti\/\" data-type=\"link\" data-id=\"https:\/\/oooh.events\/evento\/fiabe-danze-e-dialoghi-biglietti\/\">https:\/\/oooh.events\/evento\/fiabe-danze-e-dialoghi-biglietti\/<\/a><br><\/li>\n\n\n\n<li><strong>Domenica 14 dicembre, ore 18 \u2013 Real Collegio<\/strong> Cristian Monti (pianoforte) Concerto di Natale, musiche di Geminiani, Schumann, Roussel, Debussy e Ravel<br>Biglietti: <a href=\"https:\/\/oooh.events\/evento\/concerto-di-natale-real-collegio-biglietti\/\">https:\/\/oooh.events\/evento\/concerto-di-natale-real-collegio-biglietti\/<\/a><\/li>\n<\/ul>\n\n\n\n<h1 class=\"wp-block-heading\">STAGIONE 2025<\/h1>\n\n\n\n<figure class=\"wp-block-gallery has-nested-images columns-default is-cropped wp-block-gallery-1 is-layout-flex wp-block-gallery-is-layout-flex\">\n<figure class=\"wp-block-image size-large\"><a href=\"https:\/\/www.animandolucca.it\/wp-content\/uploads\/2025\/02\/ANIMANDO-A3-2.png\"><img loading=\"lazy\" decoding=\"async\" width=\"724\" height=\"1024\" src=\"https:\/\/www.animandolucca.it\/wp-content\/uploads\/2025\/02\/ANIMANDO-A3-2-724x1024.png\" alt=\"\" class=\"wp-image-4289\" srcset=\"https:\/\/www.animandolucca.it\/wp-content\/uploads\/2025\/02\/ANIMANDO-A3-2-724x1024.png 724w, https:\/\/www.animandolucca.it\/wp-content\/uploads\/2025\/02\/ANIMANDO-A3-2-212x300.png 212w, https:\/\/www.animandolucca.it\/wp-content\/uploads\/2025\/02\/ANIMANDO-A3-2-768x1086.png 768w, https:\/\/www.animandolucca.it\/wp-content\/uploads\/2025\/02\/ANIMANDO-A3-2-1086x1536.png 1086w, https:\/\/www.animandolucca.it\/wp-content\/uploads\/2025\/02\/ANIMANDO-A3-2.png 1414w\" sizes=\"(max-width: 724px) 100vw, 724px\" \/><\/a><\/figure>\n<\/figure>\n\n\n\n<ul>\n<li><strong>16 febbraio<\/strong>&nbsp;\u2013&nbsp;<em>Parole e Musica d\u2019Autore<\/em>&nbsp;|&nbsp;<strong>Trio Onda Acustica &amp; Giulio D\u2019Agnello<\/strong><br>Il trio, composto da <strong>Giulio D\u2019Agnello<\/strong> (voce e chitarra), <strong>Mauro Redini<\/strong> (fisarmonica) e <strong>Alessandro Sodini <\/strong>(mandolino), proporr\u00e0 un repertorio che spazia da Fabrizio De Andr\u00e9 a Paolo Conte, passando per Ennio Morricone e Armando Trovajoli, con incursioni nella musica popolare e nello standard jazz.<br><strong>Acquista i biglietti:&nbsp;<\/strong><a href=\"https:\/\/oooh.events\/evento\/parole-musica-autore-biglietti\/\" target=\"_blank\" rel=\"noreferrer noopener\"><strong>https:\/\/oooh.events\/evento\/parole-musica-autore-biglietti\/<\/strong><\/a><br><\/li>\n\n\n\n<li><strong>23 febbraio<\/strong>&nbsp;\u2013&nbsp;<em>Paris Canaille<\/em>&nbsp;|&nbsp;<strong>Giangilberto Monti &amp; Ottavia Marini<\/strong><br>Lo spettacolo condurr\u00e0 il pubblico alla scoperta della musica francese del \u2018900 attraverso le canzoni di Brassens, Brel, Ferr\u00e9, Gainsbourg, Vian, Piaf e Moustaki, artisti che hanno raccontato la vita e le emozioni con uno stile inconfondibile.<br><strong>Acquista i biglietti:&nbsp;<\/strong><a href=\"https:\/\/oooh.events\/evento\/paris-canaille-biglietti\/\" target=\"_blank\" rel=\"noreferrer noopener\"><strong>https:\/\/oooh.events\/evento\/paris-canaille-biglietti\/<\/strong><\/a><br><\/li>\n\n\n\n<li><strong>2 marzo<\/strong>&nbsp;\u2013&nbsp;<em>Sognai talmente forte<\/em>&nbsp;|&nbsp;<strong>Massimo Bubola<\/strong><br>Un reading-concerto che ripercorre le tappe della sua lunga carriera e della storia della musica d&#8217;autore italiana. Bubola porter\u00e0 sul palco le sue canzoni pi\u00f9 celebri, tra cui &#8220;Il cielo d&#8217;Irlanda&#8221;, &#8220;Andrea&#8221; e &#8220;Fiume Sand Creek&#8221;, brani che hanno lasciato un segno indelebile nella cultura musicale italiana e non solo.<br><strong>Acquista i biglietti:&nbsp;<\/strong><a href=\"https:\/\/oooh.events\/evento\/sognai-talmente-forte-biglietti\/\" target=\"_blank\" rel=\"noreferrer noopener\"><strong>https:\/\/oooh.events\/evento\/sognai-talmente-forte-biglietti\/<\/strong><\/a><br><\/li>\n\n\n\n<li><strong>6 aprile<\/strong>&nbsp;\u2013&nbsp;<em>Bob Dylan, il fantasma dell\u2019elettricit\u00e0<\/em>&nbsp;|&nbsp;<strong>Carlo Puddu, Luca Giovacchini, Lorenzo Mei<\/strong><br>Un viaggio tra parole e musica che accompagner\u00e0 gli spettatori nelle viscere e nella genialit\u00e0 di un artista che ha cambiato la storia della musica contemporanea e che, ancora oggi, continua ad affascinare, visto anche il successo che sta riscuotendo il biopic \u201cA complete unknokwn\u201d di James Mangold, in questi giorni nelle sale. Ideato e curato da Carlo Puddu, Lorenzo Mei e Luca Giovacchini, lo spettacolo racconta la svolta elettrica di Bob Dylan, da idolo del folk americano al festival di Newport all\u2019accusa, solo un anno dopo, nel 1965, da parte di quello stesso mondo, di aver contaminato il folk con il rock and roll per aver attaccato gli strumenti agli amplificatori e di volere quindi, come dir\u00e0 di lui Allen Ginsberg, mettere la grande poesia americana nelle canzoni da juke-box. Una svolta, quella del 1965, che cambier\u00e0 per sempre la musica.<br>L\u2019ingresso a questo spettacolo \u00e8&nbsp;<strong>gratuito per tutti i tesserati Animando<\/strong><br><strong>Acquista i biglietti:&nbsp;<\/strong><a href=\"https:\/\/oooh.events\/evento\/bob-dylan-fantasma-biglietti\/\" target=\"_blank\" rel=\"noreferrer noopener\"><strong>https:\/\/oooh.events\/evento\/bob-dylan-fantasma-biglietti\/<\/strong><\/a><\/li>\n<\/ul>\n\n\n\n<p><\/p>\n\n\n\n<p><\/p>\n\n\n\n<p><\/p>\n\n\n\n<h1 class=\"wp-block-heading has-vivid-red-color has-text-color\"><a href=\"https:\/\/drive.google.com\/file\/d\/1302I67q6PcAndWPzozW8bdMfusW5DL9X\/view?usp=drive_link\" data-type=\"URL\" target=\"_blank\" rel=\"noreferrer noopener\">Stagione 2024<\/a> <\/h1>\n\n\n\n<p class=\"has-black-color has-blush-bordeaux-gradient-background has-text-color has-background\"><strong>Biglietti e abbonamenti<\/strong>: 10 euro (soci Animando), 15 euro (non soci) <strong>Online<\/strong>: 8 euro (soci Animando), 13 euro (non soci). <strong>Abbonamenti solo online per 4 spettacoli:<\/strong> 25 euro (soci Animando), 40 euro (non soci) <strong>Biglietteria Online<\/strong>: www.oooh.events o sul posto prima dell&#8217;inizio dello spettacolo.<\/p>\n\n\n\n<h2 class=\"wp-block-heading\"><strong>N<\/strong>ovembre &#8211; Dicembre: &#8220;Musica \u00e8 Metamorfosi: evoluzioni&#8221;<\/h2>\n\n\n\n<p class=\"has-black-color has-very-light-gray-to-cyan-bluish-gray-gradient-background has-text-color has-background\">Vedi l&#8217;intero programma dalla Conferenza stampa del 24.01.24, cliccando su Articoli (barra in alto)                                       <\/p>\n\n\n\n<ul>\n<li><strong>Domenica 10 novembre<\/strong> || ore <strong>18<\/strong>, <strong>Real Collegio<\/strong><br><strong>\u201cNuovi orizzonti per due pianoforti &#8211; trascrizioni e parafrasi attraverso il tempo\u201d<\/strong><br>Un evento che vedr\u00e0 protagonisti i pianisti <strong>Claudio Cantini<\/strong> e <strong>Giovanni Passalia<\/strong> impegnati in un percorso tra Mozart\/Grieg, con arrangiamenti di Morricone e Beatles a cura di <strong>Mauro Fabbri <\/strong>e <strong>Ilio Barontini<\/strong>. Il percorso musicale del duo pianistico si apre con un\u2019interpretazione singolare di una sonata di Mozart: in un arrangiamento unico, uno dei pianoforti eseguir\u00e0 la parte originale mozartiana, mentre l\u2019altro accompagner\u00e0 con una versione armonizzata su temi di Grieg, come se questo dialogo musicale attraversasse il tempo. <br><img loading=\"lazy\" decoding=\"async\" width=\"1080\" height=\"1080\" class=\"wp-image-4167\" style=\"width: 400px;\" src=\"https:\/\/www.animandolucca.it\/wp-content\/uploads\/2024\/12\/10-novembre.png\" alt=\"\" srcset=\"https:\/\/www.animandolucca.it\/wp-content\/uploads\/2024\/12\/10-novembre.png 1080w, https:\/\/www.animandolucca.it\/wp-content\/uploads\/2024\/12\/10-novembre-300x300.png 300w, https:\/\/www.animandolucca.it\/wp-content\/uploads\/2024\/12\/10-novembre-1024x1024.png 1024w, https:\/\/www.animandolucca.it\/wp-content\/uploads\/2024\/12\/10-novembre-150x150.png 150w, https:\/\/www.animandolucca.it\/wp-content\/uploads\/2024\/12\/10-novembre-768x768.png 768w\" sizes=\"(max-width: 1080px) 100vw, 1080px\" \/><\/li>\n<\/ul>\n\n\n\n<ul>\n<li><strong>Venerd\u00ec 15 novembre<\/strong> || ore <strong>21<\/strong>, <strong>Cinema Moderno<\/strong><br><strong>\u201cAn Opportunity &#8211; Spettacolo per Organo, Orchestra d\u2019archi e Voci recitanti\u201c<\/strong>, in collaborazione con la <strong>Croce Verde<\/strong><br>\u201cAn Opportunity\u201d, testo inedito di <strong>Andrea Benedetti<\/strong>, gi\u00e0 premiato al Premio di drammaturgia contemporanea \u201cGiuseppe Bepo Maffioli\u201d, racconta la storia del rover NASA \u201cOpportunity\u201d, che nel 2003 \u00e8 partito per Marte. La sua storia ha commosso il mondo. Da gennaio 2004 a febbraio 2019 ha costantemente mandato foto, video, dati, e informazioni preziose, permettendo all\u2019umanit\u00e0 di conoscere pi\u00f9 da vicino il pianeta rosso. In 15 anni si \u00e8 creato un vero e proprio rapporto con questa strana creatura artificiale. Dopo mille avventure, nel 2019 invia il suo ultimo messaggio: due numeri (22 e 10,8) che indicano rispettivamente l\u2019impossibilit\u00e0 di ricaricare le batterie e il valore di opacit\u00e0 dell\u2019atmosfera. Gli scienziati lo hanno tradotto come \u00abLa mia batteria \u00e8 scarica, si sta facendo buio\u00bb, il saluto di un vecchio amico che dopo tanti momenti passati insieme, infine ci lascia. Questo viaggio verr\u00e0 raccontato al <strong>Cinema Moderno<\/strong> con gli archi dell\u2019<strong>Orchestra Sinfonica della Versilia<\/strong> diretta da <strong>Stefano Teani<\/strong>, l\u2019organo di Niccol\u00f2 Bartolini, le voci narranti di <strong>Nicola Fanucchi <\/strong>e <strong>Cristina Puccinelli<\/strong> e le proiezioni video montate da <strong>Domenico Catano<\/strong>. In programma musiche da Albinoni a Respighi, con brani celebri quali Interstellar di Hans Zimmer.<br><strong>L\u2019ingresso per questo evento \u00e8 libero a offerta.<\/strong><br><img loading=\"lazy\" decoding=\"async\" width=\"1080\" height=\"1080\" class=\"wp-image-4168\" style=\"width: 400px;\" src=\"https:\/\/www.animandolucca.it\/wp-content\/uploads\/2024\/12\/ANIMANDO-musica-metamorfosi-post-IG-2.png\" alt=\"\" srcset=\"https:\/\/www.animandolucca.it\/wp-content\/uploads\/2024\/12\/ANIMANDO-musica-metamorfosi-post-IG-2.png 1080w, https:\/\/www.animandolucca.it\/wp-content\/uploads\/2024\/12\/ANIMANDO-musica-metamorfosi-post-IG-2-300x300.png 300w, https:\/\/www.animandolucca.it\/wp-content\/uploads\/2024\/12\/ANIMANDO-musica-metamorfosi-post-IG-2-1024x1024.png 1024w, https:\/\/www.animandolucca.it\/wp-content\/uploads\/2024\/12\/ANIMANDO-musica-metamorfosi-post-IG-2-150x150.png 150w, https:\/\/www.animandolucca.it\/wp-content\/uploads\/2024\/12\/ANIMANDO-musica-metamorfosi-post-IG-2-768x768.png 768w\" sizes=\"(max-width: 1080px) 100vw, 1080px\" \/><\/li>\n<\/ul>\n\n\n\n<ul>\n<li><strong>Domenica 24 novembre<\/strong> || ore<strong> 18<\/strong>, <strong>Real Collegio<\/strong><br><strong>\u201cPromenade &#8211; Passeggiata musicale sui boulevards parigini, tra Belle \u00c9poque e primo Novecento\u201d<\/strong><br>Una serata dedicata alla musica francese interpretata dal violinista<strong> Alessio Bidoli <\/strong>e dal pianista <strong>Bruno Canino.<\/strong> Le musiche di Poulenc, Messiaen, Ravel e Saint-Sa\u00ebns offriranno uno sguardo sulla Parigi di quegli anni.<br><strong>Biglietti disponibili:<\/strong> <a href=\"https:\/\/oooh.events\/evento\/promenade-biglietti\/\" data-type=\"link\" data-id=\"https:\/\/oooh.events\/evento\/promenade-biglietti\/\">https:\/\/oooh.events\/evento\/promenade-biglietti\/<\/a><br><img loading=\"lazy\" decoding=\"async\" width=\"1080\" height=\"1080\" class=\"wp-image-4169\" style=\"width: 400px;\" src=\"https:\/\/www.animandolucca.it\/wp-content\/uploads\/2024\/12\/24-novembre.png\" alt=\"\" srcset=\"https:\/\/www.animandolucca.it\/wp-content\/uploads\/2024\/12\/24-novembre.png 1080w, https:\/\/www.animandolucca.it\/wp-content\/uploads\/2024\/12\/24-novembre-300x300.png 300w, https:\/\/www.animandolucca.it\/wp-content\/uploads\/2024\/12\/24-novembre-1024x1024.png 1024w, https:\/\/www.animandolucca.it\/wp-content\/uploads\/2024\/12\/24-novembre-150x150.png 150w, https:\/\/www.animandolucca.it\/wp-content\/uploads\/2024\/12\/24-novembre-768x768.png 768w\" sizes=\"(max-width: 1080px) 100vw, 1080px\" \/><\/li>\n<\/ul>\n\n\n\n<ul>\n<li><strong>Domenica 15 dicembre<\/strong> || ore <strong>18<\/strong>, <strong>Auditorium del Suffragio<\/strong><br>Animando festegger\u00e0 il suo decimo anniversario con un concerto dell\u2019Orchestra Nuove Assonanze, diretta da Alan Freiles Magnatta, e con il Coro di Montughi diretto da Enrico Rotoli. In programma, le opere di Faur\u00e9 e dei due Giacomo Puccini, il &#8220;Senior&#8221; e il \u201cJunior&#8221;.<br><strong>Biglietti disponibili: <\/strong><a href=\"https:\/\/oooh.events\/evento\/dieci-anni-di-animando-biglietti\/\" data-type=\"link\" data-id=\"https:\/\/oooh.events\/evento\/dieci-anni-di-animando-biglietti\/\">https:\/\/oooh.events\/evento\/dieci-anni-di-animando-biglietti\/<\/a><br><img loading=\"lazy\" decoding=\"async\" width=\"1080\" height=\"1080\" class=\"wp-image-4173\" style=\"width: 400px;\" src=\"https:\/\/www.animandolucca.it\/wp-content\/uploads\/2024\/12\/ANIMANDO-musica-metamorfosi-post-IG-3.png\" alt=\"\" srcset=\"https:\/\/www.animandolucca.it\/wp-content\/uploads\/2024\/12\/ANIMANDO-musica-metamorfosi-post-IG-3.png 1080w, https:\/\/www.animandolucca.it\/wp-content\/uploads\/2024\/12\/ANIMANDO-musica-metamorfosi-post-IG-3-300x300.png 300w, https:\/\/www.animandolucca.it\/wp-content\/uploads\/2024\/12\/ANIMANDO-musica-metamorfosi-post-IG-3-1024x1024.png 1024w, https:\/\/www.animandolucca.it\/wp-content\/uploads\/2024\/12\/ANIMANDO-musica-metamorfosi-post-IG-3-150x150.png 150w, https:\/\/www.animandolucca.it\/wp-content\/uploads\/2024\/12\/ANIMANDO-musica-metamorfosi-post-IG-3-768x768.png 768w\" sizes=\"(max-width: 1080px) 100vw, 1080px\" \/><\/li>\n<\/ul>\n\n\n\n<ul>\n<li><strong>Domenica 22 dicembre<\/strong> || ore<strong> 21<\/strong>,  <strong>Real Collegio<\/strong><br><strong>\u201cConcerto di Natale\u201d<\/strong><br>Evento che vedr\u00e0 protagonisti <strong>Valentina Scheldhofen Ciardelli <\/strong>al contrabbasso e <strong>Alvaro Siculiana<\/strong> al pianoforte in un repertorio che spazia da Bottesini a Ciardelli, Elfman, Puccini, Zappa, includendo anche brani tradizionali natalizi.<br><strong>Biglietti disponibili:<\/strong> <a href=\"https:\/\/oooh.events\/evento\/concerto-di-natale-biglietti-6\/\" data-type=\"link\" data-id=\"https:\/\/oooh.events\/evento\/concerto-di-natale-biglietti-6\/\">https:\/\/oooh.events\/evento\/concerto-di-natale-biglietti-6\/<\/a><br><img loading=\"lazy\" decoding=\"async\" width=\"1080\" height=\"1080\" class=\"wp-image-4170\" style=\"width: 400px;\" src=\"https:\/\/www.animandolucca.it\/wp-content\/uploads\/2024\/12\/ANIMANDO-musica-metamorfosi-post-IG-4.png\" alt=\"\" srcset=\"https:\/\/www.animandolucca.it\/wp-content\/uploads\/2024\/12\/ANIMANDO-musica-metamorfosi-post-IG-4.png 1080w, https:\/\/www.animandolucca.it\/wp-content\/uploads\/2024\/12\/ANIMANDO-musica-metamorfosi-post-IG-4-300x300.png 300w, https:\/\/www.animandolucca.it\/wp-content\/uploads\/2024\/12\/ANIMANDO-musica-metamorfosi-post-IG-4-1024x1024.png 1024w, https:\/\/www.animandolucca.it\/wp-content\/uploads\/2024\/12\/ANIMANDO-musica-metamorfosi-post-IG-4-150x150.png 150w, https:\/\/www.animandolucca.it\/wp-content\/uploads\/2024\/12\/ANIMANDO-musica-metamorfosi-post-IG-4-768x768.png 768w\" sizes=\"(max-width: 1080px) 100vw, 1080px\" \/><\/li>\n<\/ul>\n\n\n\n<figure class=\"wp-block-gallery has-nested-images columns-default is-cropped wp-block-gallery-2 is-layout-flex wp-block-gallery-is-layout-flex\">\n<figure class=\"wp-block-image size-large\"><a href=\"https:\/\/www.animandolucca.it\/wp-content\/uploads\/2024\/11\/Programma-1.png\"><img loading=\"lazy\" decoding=\"async\" width=\"1024\" height=\"1024\" src=\"https:\/\/www.animandolucca.it\/wp-content\/uploads\/2024\/11\/Programma-1-1024x1024.png\" alt=\"\" class=\"wp-image-3992\" srcset=\"https:\/\/www.animandolucca.it\/wp-content\/uploads\/2024\/11\/Programma-1-1024x1024.png 1024w, https:\/\/www.animandolucca.it\/wp-content\/uploads\/2024\/11\/Programma-1-300x300.png 300w, https:\/\/www.animandolucca.it\/wp-content\/uploads\/2024\/11\/Programma-1-150x150.png 150w, https:\/\/www.animandolucca.it\/wp-content\/uploads\/2024\/11\/Programma-1-768x768.png 768w, https:\/\/www.animandolucca.it\/wp-content\/uploads\/2024\/11\/Programma-1.png 1080w\" sizes=\"(max-width: 1024px) 100vw, 1024px\" \/><\/a><\/figure>\n<\/figure>\n<\/div><\/div>\n","protected":false},"excerpt":{"rendered":"<p>Stagione 2026Quinta Rassegna della Canzone D\u2019autore Domenica 1 febbraioTra margini e dubbio, retrospettiva su Gaber e Jannacci. Igor Santini in quartetto con Igor Santini (voce e chitarra), Marco Bachi (basso e contrabbasso), Andrea Checcucci (chitarra e piano), Matteo Diddi (batteria e percussioni).Ore 18, Auditorium del Suffragio. Biglietti:&nbsp;https:\/\/oooh.events\/evento\/gaber-jannacci-biglietti\/ Domenica 15 febbraioOmaggio a Lucio Dalla. Marco Cattani [&hellip;]<\/p>\n","protected":false},"author":144,"featured_media":0,"parent":0,"menu_order":0,"comment_status":"closed","ping_status":"closed","template":"","meta":{"footnotes":""},"_links":{"self":[{"href":"https:\/\/www.animandolucca.it\/index.php?rest_route=\/wp\/v2\/pages\/4568"}],"collection":[{"href":"https:\/\/www.animandolucca.it\/index.php?rest_route=\/wp\/v2\/pages"}],"about":[{"href":"https:\/\/www.animandolucca.it\/index.php?rest_route=\/wp\/v2\/types\/page"}],"author":[{"embeddable":true,"href":"https:\/\/www.animandolucca.it\/index.php?rest_route=\/wp\/v2\/users\/144"}],"replies":[{"embeddable":true,"href":"https:\/\/www.animandolucca.it\/index.php?rest_route=%2Fwp%2Fv2%2Fcomments&post=4568"}],"version-history":[{"count":2,"href":"https:\/\/www.animandolucca.it\/index.php?rest_route=\/wp\/v2\/pages\/4568\/revisions"}],"predecessor-version":[{"id":4753,"href":"https:\/\/www.animandolucca.it\/index.php?rest_route=\/wp\/v2\/pages\/4568\/revisions\/4753"}],"wp:attachment":[{"href":"https:\/\/www.animandolucca.it\/index.php?rest_route=%2Fwp%2Fv2%2Fmedia&parent=4568"}],"curies":[{"name":"wp","href":"https:\/\/api.w.org\/{rel}","templated":true}]}}